{"id":57,"date":"2024-02-28T12:34:06","date_gmt":"2024-02-28T12:34:06","guid":{"rendered":"http:\/\/algirio-akademija.local\/?page_id=57"},"modified":"2024-04-29T08:13:55","modified_gmt":"2024-04-29T08:13:55","slug":"atmintine","status":"publish","type":"page","link":"https:\/\/fkzalgiris.lt\/akademija\/tevams\/atmintine\/","title":{"rendered":"Atmintin\u0117"},"content":{"rendered":"\n<ul class=\"wp-block-list\">\n<li>Pad\u0117kite vaikams atskleisti savo ASMENYB\u0116S ir \u017eaid\u0117jo i\u0161skirtinius bruo\u017eus, kurie gali tapti jo augan\u010dio potencialo dalimi.<\/li>\n\n\n\n<li>B\u016bkite atsakingi ir disciplinuoti u\u017e savo pasirinktus sprendimus ir veiksmus, jei norite, kad J\u016bs\u0173 vaikas b\u016bt\u0173 toks pats.<\/li>\n\n\n\n<li>Pad\u0117kite vaikui tobul\u0117ti suteikdami galimyb\u0119 dalyvauti treniruo\u010di\u0173 ir rungtyni\u0173 procese.<\/li>\n\n\n\n<li>Dom\u0117kit\u0117s vaiko sportine veikla.<\/li>\n\n\n\n<li>Tiesiog leiskite savo vaikui \u017eaisti ir m\u0117gautis \u017eaidimu taip, kaip nori J\u016bs\u0173 vaikas ir komandos treneris, bet ne J\u016bs.<\/li>\n\n\n\n<li>Visada prisiminkite, jog vaikas \u017eaisdamas futbol\u0105 aik\u0161t\u0117je negali vienu metu vykdyti keli\u0173 nurodym\u0173: trenerio, J\u016bs\u0173 ir savo paties sprendimo, nes tie nurodymai gali b\u016bti labai skirtingi.<\/li>\n\n\n\n<li>Pasitik\u0117kite komandos treneriu ir leiskite jam dirbti savo darb\u0105, o J\u016bs, tiesiog m\u0117gaukit\u0117s vaiko \u017eaidimu.<\/li>\n\n\n\n<li>Skatinkite ir palaikykite vaik\u0105 labiau abstrak\u010diai, o kritikuokite labiau skatinan\u010diai ir pozityviai. Ne\u0161aukite kritikuodamas.<\/li>\n\n\n\n<li>Niekada nei\u0161juokite, ne\u017eeminkite d\u0117l padarytos klaidos ar pralaim\u0117jimo tiek savo, tiek var\u017eov\u0173 komandos vaik\u0173.<\/li>\n\n\n\n<li>Pagirkite vaik\u0105 u\u017e pastangas, net jei nepavyko pasiekti norimo rezultato.<\/li>\n\n\n\n<li>Atminkite, jog J\u016bs\u0173 elges\u012f teis\u0117jo ar var\u017eov\u0173 at\u017evilgiu kopijuos ir J\u016bs\u0173 vaikas. B\u016bkite jam deramu pavyzd\u017eiu.<\/li>\n\n\n\n<li>Susipa\u017einkite su futbolo \u017eaidimo vertyb\u0117mis ir nuolat stenkit\u0117s perteikti jas savo vaikui, skatinkite j\u012f laikytis \u017eaidimo taisykli\u0173 ir garbingo \u017eaidimo princip\u0173.<\/li>\n\n\n\n<li>Nevartokite alkoholini\u0173 g\u0117rim\u0173, narkotini\u0173 med\u017eiag\u0173 ir ner\u016bkykite futbolo aplinkoje \u2013 toks pavyzdys vaikui yra netoleruotinas.<\/li>\n\n\n\n<li>Rodykite deram\u0105 pagarb\u0105 futbolo aplinkoje dirbantiems savanoriams ar pagalbiniams darbuotojams, nepriklausomai nuo J\u016bs\u0173 pasitenkinimo j\u0173 darbo kokybe \u2013 da\u017enai jie dirba be jokio atlygio ir J\u016bs\u0173 vaiko labui, tam aukodami savo laisvalaik\u012f.<\/li>\n\n\n\n<li>Jei komandos treneris nepageidauja t\u0117v\u0173 treniruot\u0117se, gerbkite \u0161\u012f nor\u0105.<\/li>\n\n\n\n<li>Nepamir\u0161kite, jog \u017eaidimo metu draud\u017eiama jas stebintiems asmenims \u012feiti \u012f aik\u0161t\u0117s erdv\u0119, nebent J\u016bs\u0173 pagalbos papra\u0161yt\u0173 treneris ar teis\u0117jas.<\/li>\n\n\n\n<li>Aptardami savo vaiko rezultatus su komandos treneriu visada \u012fvertinkite, ar j\u016bs\u0173 pokalb\u012f girdi J\u016bs\u0173 ir kiti vaikai.<\/li>\n\n\n\n<li>Niekada nesureik\u0161minkite savo vaiko komandos rezultato ir nelaikykite jo svarbesniu u\u017e galimyb\u0119 vaikui smagiai praleisti laik\u0105 \u017eaid\u017eiant futbol\u0105, mokytis ir tobul\u0117ti.<\/li>\n<\/ul>\n","protected":false},"excerpt":{"rendered":"","protected":false},"author":1,"featured_media":0,"parent":19,"menu_order":0,"comment_status":"closed","ping_status":"closed","template":"","meta":{"footnotes":""},"class_list":["post-57","page","type-page","status-publish","hentry"],"_links":{"self":[{"href":"https:\/\/fkzalgiris.lt\/akademija\/wp-json\/wp\/v2\/pages\/57","targetHints":{"allow":["GET"]}}],"collection":[{"href":"https:\/\/fkzalgiris.lt\/akademija\/wp-json\/wp\/v2\/pages"}],"about":[{"href":"https:\/\/fkzalgiris.lt\/akademija\/wp-json\/wp\/v2\/types\/page"}],"author":[{"embeddable":true,"href":"https:\/\/fkzalgiris.lt\/akademija\/wp-json\/wp\/v2\/users\/1"}],"replies":[{"embeddable":true,"href":"https:\/\/fkzalgiris.lt\/akademija\/wp-json\/wp\/v2\/comments?post=57"}],"version-history":[{"count":2,"href":"https:\/\/fkzalgiris.lt\/akademija\/wp-json\/wp\/v2\/pages\/57\/revisions"}],"predecessor-version":[{"id":259,"href":"https:\/\/fkzalgiris.lt\/akademija\/wp-json\/wp\/v2\/pages\/57\/revisions\/259"}],"up":[{"embeddable":true,"href":"https:\/\/fkzalgiris.lt\/akademija\/wp-json\/wp\/v2\/pages\/19"}],"wp:attachment":[{"href":"https:\/\/fkzalgiris.lt\/akademija\/wp-json\/wp\/v2\/media?parent=57"}],"curies":[{"name":"wp","href":"https:\/\/api.w.org\/{rel}","templated":true}]}}