{"id":55,"date":"2024-02-28T12:33:49","date_gmt":"2024-02-28T12:33:49","guid":{"rendered":"http:\/\/algirio-akademija.local\/?page_id=55"},"modified":"2024-09-19T12:49:58","modified_gmt":"2024-09-19T09:49:58","slug":"sutartys","status":"publish","type":"page","link":"https:\/\/fkzalgiris.lt\/akademija\/tevams\/sutartys\/","title":{"rendered":"Sutartys"},"content":{"rendered":"\n<ul class=\"wp-block-list\">\n<li><a href=\"http:\/\/algirio-akademija.local\/wp-content\/uploads\/2024\/04\/Sutarties-patvirtinimo-forma-2024.pdf\" data-type=\"attachment\" data-id=\"254\">Sutarties <\/a><a href=\"https:\/\/fkzalgiris.lt\/akademija\/wp-content\/uploads\/2024\/04\/Sutarties-patvirtinimo-forma-2024.pdf\" data-type=\"attachment\" data-id=\"254\" target=\"_blank\" rel=\"noreferrer noopener\">patvirtinimo<\/a><a href=\"https:\/\/fkzalgiris.lt\/akademija\/wp-content\/uploads\/2024\/04\/Sutarties-patvirtinimo-forma-2024.pdf\" data-type=\"attachment\" data-id=\"254\"> forma 2024<\/a><\/li>\n\n\n\n<li><a href=\"https:\/\/fkzalgiris.lt\/akademija\/wp-content\/uploads\/2024\/09\/VSI-Zalgirietis-Ugdymo-sutartis-2024-Naujas-logo.pdf\" data-type=\"attachment\" data-id=\"256\" target=\"_blank\" rel=\"noreferrer noopener\">V\u0160\u012e \u017dalgirietis ugdymo sutartis 2024<\/a><\/li>\n<\/ul>\n\n\n\n<p><\/p>\n","protected":false},"excerpt":{"rendered":"","protected":false},"author":1,"featured_media":0,"parent":19,"menu_order":0,"comment_status":"closed","ping_status":"closed","template":"","meta":{"footnotes":""},"class_list":["post-55","page","type-page","status-publish","hentry"],"_links":{"self":[{"href":"https:\/\/fkzalgiris.lt\/akademija\/wp-json\/wp\/v2\/pages\/55","targetHints":{"allow":["GET"]}}],"collection":[{"href":"https:\/\/fkzalgiris.lt\/akademija\/wp-json\/wp\/v2\/pages"}],"about":[{"href":"https:\/\/fkzalgiris.lt\/akademija\/wp-json\/wp\/v2\/types\/page"}],"author":[{"embeddable":true,"href":"https:\/\/fkzalgiris.lt\/akademija\/wp-json\/wp\/v2\/users\/1"}],"replies":[{"embeddable":true,"href":"https:\/\/fkzalgiris.lt\/akademija\/wp-json\/wp\/v2\/comments?post=55"}],"version-history":[{"count":5,"href":"https:\/\/fkzalgiris.lt\/akademija\/wp-json\/wp\/v2\/pages\/55\/revisions"}],"predecessor-version":[{"id":623,"href":"https:\/\/fkzalgiris.lt\/akademija\/wp-json\/wp\/v2\/pages\/55\/revisions\/623"}],"up":[{"embeddable":true,"href":"https:\/\/fkzalgiris.lt\/akademija\/wp-json\/wp\/v2\/pages\/19"}],"wp:attachment":[{"href":"https:\/\/fkzalgiris.lt\/akademija\/wp-json\/wp\/v2\/media?parent=55"}],"curies":[{"name":"wp","href":"https:\/\/api.w.org\/{rel}","templated":true}]}}