{"id":51,"date":"2024-02-28T12:31:50","date_gmt":"2024-02-28T12:31:50","guid":{"rendered":"http:\/\/algirio-akademija.local\/?page_id=51"},"modified":"2024-04-29T08:06:40","modified_gmt":"2024-04-29T08:06:40","slug":"etikos-kodeksas","status":"publish","type":"page","link":"https:\/\/fkzalgiris.lt\/akademija\/treneriai\/etikos-kodeksas\/","title":{"rendered":"Etikos kodeksas"},"content":{"rendered":"\n<h2 class=\"wp-block-heading has-text-align-center\"><strong>Etikos kodeksas<\/strong><\/h2>\n\n\n\n<h3 class=\"wp-block-heading has-text-align-center\"><strong>FUTBOLO AKADEMIJOS TRENERIAMS<\/strong><\/h3>\n\n\n\n<ul class=\"wp-block-list\">\n<li>Atskleiskite maksimal\u0173 ASMENYB\u0116S potencial\u0105 suteikdami \u017einias ir \u012frankius tobul\u0117ti.<\/li>\n\n\n\n<li>B\u016bkite atsakingi ir disciplinuoti u\u017e savo pasirinktus sprendimus ir veiksmus.<\/li>\n\n\n\n<li>B\u016bkite d\u0117mesingi detal\u0117ms.<\/li>\n\n\n\n<li>Tobul\u0117kite kiekvien\u0105 dien\u0105.<\/li>\n\n\n\n<li>Pad\u0117kite tobul\u0117ti sau ir kitam.<\/li>\n\n\n\n<li>B\u016bkite universal\u016bs treniruo\u010di\u0173, rungtyni\u0173 procese ir u\u017e j\u0173 rib\u0173.<\/li>\n\n\n\n<li>Nepamir\u0161kite, jog svarbiausia yra vaiko saugumas ir gera emocija. Visada b\u016bkite atsakingu u\u017e saugi\u0105 ir smagi\u0105 futbolo aplink\u0105 vaikui.<\/li>\n\n\n\n<li>Vaiko ugdymas , tobul\u0117jimas ir pa\u017eanga yra daug svarbiau nei komandos rezultatas turnyro lentel\u0117je.<\/li>\n\n\n\n<li>Visada prisiminkite, jog \u017eaisti vaikui aik\u0161tel\u0117je yra daug smagiau nei jam s\u0117d\u0117ti ant atsargini\u0173 \u017eaid\u0117j\u0173 suolelio. Suteikite galimyb\u0119 m\u0117gautis futbolu VISIEMS savo komandos nariams.<\/li>\n\n\n\n<li>Kaip vaik\u0173 komandos treneris, nepamir\u0161kite, jog J\u016bs\u0173 darbo sritis apima ne tik aik\u0161tel\u0117s ribas. Savo treniruojamiems vaikams J\u016bs esate daug daugiau nei tik futbolo \u017eaidimo specialistas \u2013 vaikai jumyse mato mokytoj\u0105, draug\u0105, saugios aplinkos garant\u0105 ir sektin\u0105 pavyzd\u012f viename asmenyje.<\/li>\n\n\n\n<li>Prisiminkite, jog jauniems \u017emon\u0117ms reikalingas pagarbos vertas treneris kaip sektinas pavyzdys, kuriuo jie gal\u0117t\u0173 nuolat did\u017eiuotis. B\u016bkite juo.<\/li>\n\n\n\n<li>B\u016bkite dosnus pagyrim\u0173 ir \u0161yk\u0161tus kritika. Jei kritikuojate, J\u016bs\u0173 kritika vaiko at\u017evilgiu turi b\u016bti pozityvi net ir u\u017e akivaizd\u017eias klaidas.<\/li>\n\n\n\n<li>Vaikas ne\u017eais geriau, jei ant jo \u0161auksite, \u017eeminsite, niekinsite, ta\u010diau jo motyvacija ir pastangos gali b\u016bti dar didesn\u0117s, jei nuolat skatinsite ir j\u012f pagirsite.<\/li>\n\n\n\n<li>Nuolat skatinkite savo aukl\u0117tinius rodyti pagarb\u0105 garbingo \u017eaidimo principams, pagarb\u0105 var\u017eovams ir teis\u0117jams.<\/li>\n\n\n\n<li>Netoleruokite grubaus savo aukl\u0117tini\u0173 \u017eaidimo tiek rungtyn\u0117se, tiek treniruot\u0117se.<\/li>\n\n\n\n<li>Kelkite vaikams individualiai ir komandai realiai pasiekiamus tikslus.<\/li>\n\n\n\n<li>Ne\u012ftraukite rungtyn\u0117ms \u012f komandos sud\u0117t\u012f vyresni\u0173 nei tos am\u017eiaus grup\u0117s vaik\u0173 , to nesuderin\u0119 su var\u017eov\u0173 komandos treneriu. Suk\u010diavimas, siekiant teigiamo rezultato , vaikams paliks daugiau nuoskaud\u0173, nei suteiks d\u017eiaugsmo.<\/li>\n\n\n\n<li>Integruokite norin\u010dius pad\u0117ti aukl\u0117tini\u0173 t\u0117vus \u012f komandos bendruomen\u0117s gyvenim\u0105 ir paverskite j\u0173 entuziazm\u0105 vertinga pagalba, o ne kli\u016btimi ugdymo tikslams pasiekti.<\/li>\n\n\n\n<li>J\u016bs esate atsakingas ne tik u\u017e vaik\u0173, bet ir j\u0173 t\u0117v\u0173 elges\u012f var\u017eyb\u0173 metu, tad i\u0161mokite juos deramai suvaldyti ir kontroliuoti. I\u0161vyk\u0173 \u012f rungtynes metu privalote i\u0161likti atsakingas u\u017e savo aukl\u0117tinius 24 val. per par\u0105 \u2013 deramai \u012fvertinkite, ar tur\u0117site galimyb\u0119 t\u0105 daryti visos i\u0161vykos metu. Visada galite pra\u0161yti aukl\u0117tini\u0173 t\u0117v\u0173 pagalbos.<\/li>\n\n\n\n<li>Niekada nepamir\u0161kite, jog J\u016bs\u0173 aukl\u0117tini\u0173 elgesys aik\u0161tel\u0117je ir u\u017e jos rib\u0173 turi deramai reprezentuoti J\u016bs\u0173 organizacij\u0105, miest\u0105, \u0161al\u012f. Nuolat skatinkite deram\u0105 vaik\u0173 elges\u012f ir j\u0173 patrioti\u0161kum\u0105.<\/li>\n\n\n\n<li>Slapta neviliokite pereiti \u012f savo treniruojam\u0105 vaik\u0173 grup\u0119 var\u017eov\u0173 komandos \u017eaid\u0117j\u0173 siekiant geresnio savo komandos rezultato. Su kitais konkuruokite ugdymo kokybe, o ne negarbingais metodais.<\/li>\n<\/ul>\n\n\n\n<h3 class=\"wp-block-heading has-text-align-center\"><strong>DOPINGO ETIKOS KODEKSAS TRENERIAMS<\/strong><\/h3>\n\n\n\n<ul class=\"wp-block-list\">\n<li>\u017dinokite etines, teisines bei draud\u017eiam\u0173 med\u017eiag\u0173 vartojimo pasekmes sveikatai.<\/li>\n\n\n\n<li>I\u0161samiai susipa\u017einkite su visais nacionaliniais ar kitais \u012fstatymais, reglamentais bei praktika, kurie taikomi jums ir \u017eaid\u0117jams, kuriuos palaikote.<\/li>\n\n\n\n<li>B\u016bkite sektinas pavyzdys \u017eaid\u0117jams bei ugdykite pozityvias vertybes atmesdami bet kokios formos dopingo med\u017eiag\u0173 vartojim\u0105.<\/li>\n\n\n\n<li>Pad\u0117kite \u017eaid\u0117jams pozityviai galvoti apie save, savo k\u016bn\u0105 ir sportin\u0119 form\u0105 nevartojant dopingo med\u017eiag\u0173.<\/li>\n\n\n\n<li>Niekada nespauskite \u017eaid\u0117j\u0173 siekti ne\u012fgyvendinam\u0173 tiksl\u0173, kas paskatint\u0173 juos susim\u0105styti apie dopingo med\u017eiag\u0173 vartojim\u0105.<\/li>\n\n\n\n<li>Prane\u0161kite apie bet kok\u012f \u012ftariam\u0105 antidopingo taisykli\u0173 pa\u017eeidim\u0105 ar bet kok\u012f veiksm\u0105, galint\u012f pakenkti kovai su dopingu futbole.<\/li>\n<\/ul>\n","protected":false},"excerpt":{"rendered":"<p>Etikos kodeksas FUTBOLO AKADEMIJOS TRENERIAMS DOPINGO ETIKOS KODEKSAS TRENERIAMS<\/p>\n","protected":false},"author":1,"featured_media":0,"parent":17,"menu_order":0,"comment_status":"closed","ping_status":"closed","template":"","meta":{"footnotes":""},"class_list":["post-51","page","type-page","status-publish","hentry"],"_links":{"self":[{"href":"https:\/\/fkzalgiris.lt\/akademija\/wp-json\/wp\/v2\/pages\/51","targetHints":{"allow":["GET"]}}],"collection":[{"href":"https:\/\/fkzalgiris.lt\/akademija\/wp-json\/wp\/v2\/pages"}],"about":[{"href":"https:\/\/fkzalgiris.lt\/akademija\/wp-json\/wp\/v2\/types\/page"}],"author":[{"embeddable":true,"href":"https:\/\/fkzalgiris.lt\/akademija\/wp-json\/wp\/v2\/users\/1"}],"replies":[{"embeddable":true,"href":"https:\/\/fkzalgiris.lt\/akademija\/wp-json\/wp\/v2\/comments?post=51"}],"version-history":[{"count":4,"href":"https:\/\/fkzalgiris.lt\/akademija\/wp-json\/wp\/v2\/pages\/51\/revisions"}],"predecessor-version":[{"id":252,"href":"https:\/\/fkzalgiris.lt\/akademija\/wp-json\/wp\/v2\/pages\/51\/revisions\/252"}],"up":[{"embeddable":true,"href":"https:\/\/fkzalgiris.lt\/akademija\/wp-json\/wp\/v2\/pages\/17"}],"wp:attachment":[{"href":"https:\/\/fkzalgiris.lt\/akademija\/wp-json\/wp\/v2\/media?parent=51"}],"curies":[{"name":"wp","href":"https:\/\/api.w.org\/{rel}","templated":true}]}}