{"id":451,"date":"2024-08-07T16:56:15","date_gmt":"2024-08-07T13:56:15","guid":{"rendered":"https:\/\/fkzalgiris.lt\/akademija\/?page_id=451"},"modified":"2025-08-05T13:17:27","modified_gmt":"2025-08-05T10:17:27","slug":"aprangos","status":"publish","type":"page","link":"https:\/\/fkzalgiris.lt\/akademija\/tevams\/aprangos\/","title":{"rendered":"Aprangos"},"content":{"rendered":"\n<p><strong>U\u017esakymo tvarka:<br><\/strong><\/p>\n\n\n\n<ul class=\"wp-block-list\">\n<li>Akademijos aprangas galima u\u017esisakyti internetu <a href=\"https:\/\/fkzalgiris.shop\/produkto-kategorija\/akademija\/\" data-type=\"link\" data-id=\"http:\/\/fkzalgiris.shop\/\">fkzalgiris.shop<\/a> svetain\u0117je, akademijos skiltyje.<\/li>\n\n\n\n<li>Visoms prek\u0117ms <a href=\"https:\/\/fkzalgiris.shop\/produkto-kategorija\/akademija\/\" data-type=\"link\" data-id=\"http:\/\/fkzalgiris.shop\/\">fkzalgiris.shop<\/a> Akademijos skiltyje automati\u0161kai yra pritaikyta 30% nuolaida nuo \u012fprast\u0173 kain\u0173 (nuolaidos kodai nereikalingi).<\/li>\n\n\n\n<li><a href=\"https:\/\/fkzalgiris.lt\/akademija\/wp-content\/uploads\/2025\/03\/FK-Zalgiris-akademija-apranga.pdf\" data-type=\"link\" data-id=\"https:\/\/fkzalgiris.lt\/akademija\/wp-content\/uploads\/2024\/08\/Uzsakymo-instrukcija-5.pdf\">Standartin\u0117 aprangos komplektacija<\/a><\/li>\n\n\n\n<li>Akademijos nariams taikoma nuolaida <a href=\"https:\/\/fkzalgiris.shop\/produkto-kategorija\/akademija\/\" data-type=\"link\" data-id=\"https:\/\/fkzalgiris.shop\/produkto-kategorija\/akademija\/\">hummel.lt<\/a> svetain\u0117je (kodo teirautis grup\u0117se).<\/li>\n<\/ul>\n\n\n\n<h3 class=\"wp-block-heading\"><\/h3>\n","protected":false},"excerpt":{"rendered":"<p>U\u017esakymo tvarka:<\/p>\n","protected":false},"author":2,"featured_media":0,"parent":19,"menu_order":0,"comment_status":"closed","ping_status":"closed","template":"","meta":{"footnotes":""},"class_list":["post-451","page","type-page","status-publish","hentry"],"_links":{"self":[{"href":"https:\/\/fkzalgiris.lt\/akademija\/wp-json\/wp\/v2\/pages\/451","targetHints":{"allow":["GET"]}}],"collection":[{"href":"https:\/\/fkzalgiris.lt\/akademija\/wp-json\/wp\/v2\/pages"}],"about":[{"href":"https:\/\/fkzalgiris.lt\/akademija\/wp-json\/wp\/v2\/types\/page"}],"author":[{"embeddable":true,"href":"https:\/\/fkzalgiris.lt\/akademija\/wp-json\/wp\/v2\/users\/2"}],"replies":[{"embeddable":true,"href":"https:\/\/fkzalgiris.lt\/akademija\/wp-json\/wp\/v2\/comments?post=451"}],"version-history":[{"count":7,"href":"https:\/\/fkzalgiris.lt\/akademija\/wp-json\/wp\/v2\/pages\/451\/revisions"}],"predecessor-version":[{"id":812,"href":"https:\/\/fkzalgiris.lt\/akademija\/wp-json\/wp\/v2\/pages\/451\/revisions\/812"}],"up":[{"embeddable":true,"href":"https:\/\/fkzalgiris.lt\/akademija\/wp-json\/wp\/v2\/pages\/19"}],"wp:attachment":[{"href":"https:\/\/fkzalgiris.lt\/akademija\/wp-json\/wp\/v2\/media?parent=451"}],"curies":[{"name":"wp","href":"https:\/\/api.w.org\/{rel}","templated":true}]}}