{"id":44,"date":"2024-02-28T12:29:46","date_gmt":"2024-02-28T12:29:46","guid":{"rendered":"http:\/\/algirio-akademija.local\/?page_id=44"},"modified":"2025-09-12T14:36:55","modified_gmt":"2025-09-12T11:36:55","slug":"tvarkarasciai","status":"publish","type":"page","link":"https:\/\/fkzalgiris.lt\/akademija\/treniruotes\/tvarkarasciai\/","title":{"rendered":"Tvarkara\u0161\u010diai"},"content":{"rendered":"\n<p>\u201e\u017dalgirio\u201c akademijos komand\u0173 treniruot\u0117s \u012fprastai vyksta pirmadieniais-penktadieniais nuo 15 iki 20 val. FK \u201e\u017dalgirio\u201c nam\u0173 stadione (Liepkalnyje), Senvag\u0117s gimnazijoje ir Sportimos manie\u017ee (\u0160nipi\u0161k\u0117s ir \u0160e\u0161kin\u0117), \u017dirm\u016bn\u0173 gimnazijoje, Salininkuose (pagal atskir\u0105 tvarkara\u0161t\u012f).<\/p>\n\n\n\n<p>Tvarkara\u0161tis pagal grupes nuo 2025 m. rugs\u0117jo m\u0117n.:<\/p>\n\n\n\n<p><em>Pirmame stulpelyje nurodyta am\u017eiaus grup\u0117 (gim\u0119 tais metais ir jaunesni) <br>Sutrumpinimai: S. &#8211; Senvag\u0117s gimnazijos aik\u0161t\u0117, S\/s. Senvag\u0117s gimnazijos sal\u0117. Sp. &#8211; Sportima, St. &#8211; FK \u017dalgiris nam\u0173 stadionas<\/em>, <em>\u017d. &#8211; \u017dirm\u016bn\u0173 gimnazija<\/em>. W &#8211; mergait\u0117s.<\/p>\n\n\n\n<figure class=\"wp-block-table aligncenter\"><table><tbody><tr><td><\/td><td class=\"has-text-align-center\" data-align=\"center\" colspan=\"5\"><strong>Laikas<\/strong><\/td><\/tr><tr><td><strong>Komanda<\/strong><\/td><td class=\"has-text-align-center\" data-align=\"center\"><strong>Pirm<\/strong>. <\/td><td><strong>Antr. <\/strong><\/td><td><strong>Tre\u010d.<\/strong><\/td><td><strong>Ketvirt.<\/strong><\/td><td><strong>Penkt.<\/strong><\/td><\/tr><tr><td>U6 (g. 2020)<\/td><td class=\"has-text-align-center\" data-align=\"center\"><\/td><td>18:30 (S\/s)<br>17:00 (St.)<br>16:30 (\u017d.)<\/td><td>18:30 (S\/s)<br>16:30 (\u017d.)<\/td><td>17:00 (Sp.)<br>17:00 (St.)<br>16:30 (\u017d.)<\/td><td>17:00 (St.)<\/td><\/tr><tr><td>U7 (g. 2019)<\/td><td class=\"has-text-align-center\" data-align=\"center\"><\/td><td>17:00 (S\/s)<br>17:00 (St.)<br>16:30 (\u017d.)<\/td><td>18:30 (Sp.)<br>16:30 (\u017d.)<\/td><td>17:00 (St.)<br>16:30 (\u017d.)<\/td><td>17:00 (St.)<\/td><\/tr><tr><td>U8 (g. 2018)<\/td><td class=\"has-text-align-center\" data-align=\"center\">16:30 (\u017d.)<\/td><td>17:00 (St.)<br>16:30 (\u017d.)<\/td><td>18:30 (Sp.)<br>16:30 (\u017d.)<\/td><td>18:30 (Sp.)<br>17:00 (St.)<\/td><td>18:30 (S)<br>17:00 (St.)<br>18:00 (\u017d.)<\/td><\/tr><tr><td>U9 (g. 2017)<\/td><td class=\"has-text-align-center\" data-align=\"center\">17:00 (S\/s)<br>18:00 (\u017d.)<\/td><td>18:30 (S.)<br>18:00 (\u017d.)<br>18:10 (St.)<\/td><td><\/td><td>17:00 (Sp.)<br>16:30 (\u017d.)<br>18:10 (St.)<\/td><td>18:30 (S.)<br>16:30 (\u017d.)<br>18:10 (St.)<\/td><\/tr><tr><td>U10 (g. 2016)<\/td><td class=\"has-text-align-center\" data-align=\"center\">15:30 (Sp.)<\/td><td>18:00 (\u017d.)<br>18:10 (St.)<\/td><td><\/td><td>15:30 (S.)<br>18:10 (St.)<\/td><td>17:00 (Sp.)<br>18:10 (St.)<\/td><\/tr><tr><td>U11 (g. 2015)<\/td><td class=\"has-text-align-center\" data-align=\"center\">18:00 (\u017d.)<br>16:30 B (\u017d.)<\/td><td>18:10 (St.)<\/td><td>18:30 (S.)<br>17:00 B (S.)<br><\/td><td>17:00 (S.)<br>15:30 B (S.)<br>18:10 (St.)<\/td><td>16:30 (\u017d.)<br>18:00 B (\u017d.)<br>18:10 (St.)<\/td><\/tr><tr><td>U12 (g. 2014)<\/td><td class=\"has-text-align-center\" data-align=\"center\">15:30 (S.)<\/td><td>15:30 B (S.)<br>18:10 (St.)<\/td><td>18:30 (S.)<br>17:00 B (S.)<\/td><td>18:00 (\u017d.)<br>15:30 B (S.)<br>18:10 (St.)<\/td><td>16:30 (\u017d.)<br>18:00 B (\u017d.)<br>18:10 (St.)<\/td><\/tr><tr><td>U13 (g. 2013)<\/td><td class=\"has-text-align-center\" data-align=\"center\">16:30 (St.)<br>17:00 B (S.)<\/td><td>16:30 (St.)<br>17:00 B (S.)<\/td><td>15:30 B (S.)<br><\/td><td>16:30 (St.)<br>17:00 B (S.)<\/td><td>16:30 (St.)<\/td><\/tr><tr><td>WU11 (g. 2015)<\/td><td class=\"has-text-align-center\" data-align=\"center\">17:00 (S.)<\/td><td>17:00 (S.)<\/td><td><\/td><td>17:00 (S.)<\/td><td>17:00 (S.)<\/td><\/tr><tr><td>U14 (g. 2012)<\/td><td class=\"has-text-align-center\" data-align=\"center\">16:30 (St.)<br>18:30 B (S.)<\/td><td>16:30 (St.)<br>18:30 B(S.)<\/td><td><\/td><td>16:30 (St.)<br>18:30 B (S.)<\/td><td>16:30 (St.)<br>18:30 B (S.)<\/td><\/tr><tr><td>U15 (g. 2011)<\/td><td class=\"has-text-align-center\" data-align=\"center\">17:30 (St.)<br>17:00 B (S.)<\/td><td>17:30 (St.)<br>17:00 B (S.)<\/td><td><\/td><td>17:30 (St.)<br>17:00 B (S.)<\/td><td>17:30 (St.)<br>17:00 B (S.)<\/td><\/tr><tr><td>U16 (g. 2010)<\/td><td class=\"has-text-align-center\" data-align=\"center\">17:30 (St.)<br>18:30 B (S.)<\/td><td>17:30 (St.)<br>18:30 B (S.)<\/td><td><\/td><td>17:30 (St.)<br>18:30 B (S.)<\/td><td>17:30 (St.)<br>18:30 B (S.)<\/td><\/tr><tr><td>WU17 (g. 2009)<\/td><td class=\"has-text-align-center\" data-align=\"center\">17:00 (S.)<\/td><td>17:00 (S.)<\/td><td><\/td><td>17:00 (S.)<\/td><td>17:00 (S.)<\/td><\/tr><tr><td>U18 (g. 2008\/09)<\/td><td class=\"has-text-align-center\" data-align=\"center\">18:30 (St.)<\/td><td>18:30 (St.)<\/td><td><\/td><td>18:30 (St.)<\/td><td>18:30 (St.)<\/td><\/tr><tr><td>U19 (g. 2006\/08)<\/td><td class=\"has-text-align-center\" data-align=\"center\"><\/td><td><\/td><td><\/td><td><\/td><td><\/td><\/tr><tr><td>B <\/td><td class=\"has-text-align-center\" data-align=\"center\">20:00 (St.)<\/td><td>20:00 (St.)<\/td><td><\/td><td>20:00 (St.)<\/td><td>20:00 (St.)<\/td><\/tr><\/tbody><\/table><\/figure>\n\n\n\n<p><em>Tvarkara\u0161tis preliminarus ir kei\u010diasi priklausomai nuo vykstan\u010di\u0173 rengini\u0173, rungtyni\u0173, turnyr\u0173, met\u0173 laiko. Tiksli\u0105 informacij\u0105 apie treniruo\u010di\u0173 pasikeitimus pateikia grup\u0117s treneris.<br><\/em><\/p>\n","protected":false},"excerpt":{"rendered":"<p>\u201e\u017dalgirio\u201c akademijos komand\u0173 treniruot\u0117s \u012fprastai vyksta pirmadieniais-penktadieniais nuo 15 iki 20 val. FK \u201e\u017dalgirio\u201c nam\u0173 stadione (Liepkalnyje), Senvag\u0117s gimnazijoje ir Sportimos manie\u017ee (\u0160nipi\u0161k\u0117s ir \u0160e\u0161kin\u0117), \u017dirm\u016bn\u0173 gimnazijoje, Salininkuose (pagal atskir\u0105 tvarkara\u0161t\u012f). Tvarkara\u0161tis pagal grupes nuo 2025 m. rugs\u0117jo m\u0117n.: Pirmame stulpelyje nurodyta am\u017eiaus grup\u0117 (gim\u0119 tais metais ir jaunesni) Sutrumpinimai: S. &#8211; Senvag\u0117s gimnazijos aik\u0161t\u0117, [&hellip;]<\/p>\n","protected":false},"author":1,"featured_media":0,"parent":15,"menu_order":0,"comment_status":"closed","ping_status":"closed","template":"","meta":{"footnotes":""},"class_list":["post-44","page","type-page","status-publish","hentry"],"_links":{"self":[{"href":"https:\/\/fkzalgiris.lt\/akademija\/wp-json\/wp\/v2\/pages\/44","targetHints":{"allow":["GET"]}}],"collection":[{"href":"https:\/\/fkzalgiris.lt\/akademija\/wp-json\/wp\/v2\/pages"}],"about":[{"href":"https:\/\/fkzalgiris.lt\/akademija\/wp-json\/wp\/v2\/types\/page"}],"author":[{"embeddable":true,"href":"https:\/\/fkzalgiris.lt\/akademija\/wp-json\/wp\/v2\/users\/1"}],"replies":[{"embeddable":true,"href":"https:\/\/fkzalgiris.lt\/akademija\/wp-json\/wp\/v2\/comments?post=44"}],"version-history":[{"count":15,"href":"https:\/\/fkzalgiris.lt\/akademija\/wp-json\/wp\/v2\/pages\/44\/revisions"}],"predecessor-version":[{"id":876,"href":"https:\/\/fkzalgiris.lt\/akademija\/wp-json\/wp\/v2\/pages\/44\/revisions\/876"}],"up":[{"embeddable":true,"href":"https:\/\/fkzalgiris.lt\/akademija\/wp-json\/wp\/v2\/pages\/15"}],"wp:attachment":[{"href":"https:\/\/fkzalgiris.lt\/akademija\/wp-json\/wp\/v2\/media?parent=44"}],"curies":[{"name":"wp","href":"https:\/\/api.w.org\/{rel}","templated":true}]}}