{"id":42,"date":"2024-02-28T12:29:29","date_gmt":"2024-02-28T12:29:29","guid":{"rendered":"http:\/\/algirio-akademija.local\/?page_id=42"},"modified":"2025-09-12T13:57:21","modified_gmt":"2025-09-12T10:57:21","slug":"vietos","status":"publish","type":"page","link":"https:\/\/fkzalgiris.lt\/akademija\/treniruotes\/vietos\/","title":{"rendered":"Vietos"},"content":{"rendered":"\n<p>\u201e\u017dalgirio\u201c akademijos pagrindiniai namai \u2013 FK \u201e\u017dalgirio\u201c nam\u0173 stadionas Liepkalnyje ir Senvag\u0117s gimnazijos stadionas \u0160nipi\u0161k\u0117se, taip pat vaik\u0173 treniruot\u0117s vykdomos \u017dirm\u016bn\u0173, Salinink\u0173 mikrorajonuose.<\/p>\n\n\n\n<p><strong>FK \u017dalgiris nam\u0173 stadionas<\/strong><br>Nuo 2025 m. stadione treniruojasi elitini\u0173 jaunimo lyg\u0173 komandos, ma\u017eoje aik\u0161tel\u0117je vyksta vaik\u0173 treniruot\u0117s.<strong><br><\/strong>Am\u017eiaus grup\u0117s: U6-U8, U9-U12, U13, U14, U15, U16, U18.<\/p>\n\n\n\n<p>Adresas: Stadiono g. 2, Vilnius<\/p>\n\n\n\n<iframe src=\"https:\/\/www.google.com\/maps\/embed?pb=!1m18!1m12!1m3!1d2670.8592132446074!2d25.29207907697775!3d54.668550274977584!2m3!1f0!2f0!3f0!3m2!1i1024!2i768!4f13.1!3m3!1m2!1s0x46dd944688f7acd3%3A0x8460aad5fe86f78!2sLFF%20Stadium!5e1!3m2!1sen!2slt!4v1739284960370!5m2!1sen!2slt\" width=\"600\" height=\"450\" style=\"border:0;\" allowfullscreen=\"\" loading=\"lazy\" referrerpolicy=\"no-referrer-when-downgrade\"><\/iframe>\n\n\n\n<p><strong>Senvag\u0117s gimnazija<\/strong><\/p>\n\n\n\n<p>Aik\u0161tyne treniruojasi vaik\u0173 grup\u0117s ir jaunimo I lyg\u0173 komandos.<br>Ma\u017eesnieji aukl\u0117tiniai naudojasi ir gimnazijos sporto sale.<br>Am\u017eiaus grup\u0117s: U6, U7, U8, U9, U10, U11, U12, U13, U14, U15, U16, WU11, WU17<\/p>\n\n\n\n<p>Adresas: \u0160irvint\u0173 g. 82, Vilnius<\/p>\n\n\n\n<iframe src=\"https:\/\/www.google.com\/maps\/embed?pb=!1m18!1m12!1m3!1d2304.871817784188!2d25.2803099!3d54.711878299999995!2m3!1f0!2f0!3f0!3m2!1i1024!2i768!4f13.1!3m3!1m2!1s0x46dd9152bcd48f47%3A0xe2d1fd9a42d214a7!2sSenvag%C4%97s%20Football%20Field!5e0!3m2!1sen!2slt!4v1714371813721!5m2!1sen!2slt\" width=\"100%\" height=\"450\" style=\"border:0;\" allowfullscreen=\"\" loading=\"lazy\" referrerpolicy=\"no-referrer-when-downgrade\"><\/iframe>\n\n\n\n<p>Ma\u017eesnieji akademijos aukl\u0117tiniai, lankantis Senvag\u0117s gimnazijos grupes taip pat turi papildom\u0173 treniruo\u010di\u0173 dengtoje \u201eSportima\u201c arenoje.<br>Am\u017eiaus grup\u0117s: U6, U8, U9, U10;<\/p>\n\n\n\n<p>Adresas: \u0104\u017euolyno g. 5, Vilnius<\/p>\n\n\n\n<iframe src=\"https:\/\/www.google.com\/maps\/embed?pb=!1m18!1m12!1m3!1d2305.097957691736!2d25.237034599999998!3d54.7078997!2m3!1f0!2f0!3f0!3m2!1i1024!2i768!4f13.1!3m3!1m2!1s0x46dd93e0835e2ccb%3A0x1420ed84f925c016!2sSportima%20Arena!5e0!3m2!1sen!2slt!4v1714371970241!5m2!1sen!2slt\" width=\"100%\" height=\"450\" style=\"border:0;\" allowfullscreen=\"\" loading=\"lazy\" referrerpolicy=\"no-referrer-when-downgrade\"><\/iframe>\n\n\n\n<p><strong>\u017dirm\u016bn\u0173 gimnazija<\/strong><\/p>\n\n\n\n<p>Nuo 2025 m. rudens formuojamos naujos vaik\u0173 grup\u0117s \u017dirm\u016bn\u0173 gimnazijos aik\u0161t\u0117je.<br><br>Am\u017eiaus grup\u0117s: U6, U7, U8, U9, U10, U11, U12<\/p>\n\n\n\n<p>Adresas: \u017dirm\u016bn\u0173 g. 37, Vilnius<\/p>\n\n\n\n<iframe src=\"https:\/\/www.google.com\/maps\/embed?pb=!1m18!1m12!1m3!1d2117.490400940533!2d25.306302451938475!3d54.713982161288605!2m3!1f0!2f0!3f0!3m2!1i1024!2i768!4f13.1!3m3!1m2!1s0x46dd96b991933367%3A0xef2a32c78b971d5b!2zVmlsbmlhdXMgxb1pcm3Fq27FsyBnaW1uYXppamE!5e1!3m2!1sen!2slt!4v1757674324223!5m2!1sen!2slt\" width=\"600\" height=\"450\" style=\"border:0;\" allowfullscreen=\"\" loading=\"lazy\" referrerpolicy=\"no-referrer-when-downgrade\"><\/iframe>\n\n\n\n<p><strong>Salinink\u0173 gimnazija<\/strong><\/p>\n\n\n\n<p>Nuo 2024 m. vyksta vaik\u0173 treniruot\u0117s Salinink\u0173 gimnazijos aik\u0161t\u0117je.<br><br>Am\u017eiaus grup\u0117s: U6-U8, U9-U10<\/p>\n\n\n\n<p>Adresas: Vaik\u0173 g. 16A, Salininkai, Vilnius<\/p>\n\n\n\n<iframe src=\"https:\/\/www.google.com\/maps\/embed?pb=!1m18!1m12!1m3!1d2674.6634466429523!2d25.256942576974815!3d54.61067977937695!2m3!1f0!2f0!3f0!3m2!1i1024!2i768!4f13.1!3m3!1m2!1s0x46dd959ed518b45d%3A0x59946b69ea57aebf!2sSalinink%C5%B3%20stadionas!5e1!3m2!1sen!2slt!4v1757674435977!5m2!1sen!2slt\" width=\"600\" height=\"450\" style=\"border:0;\" allowfullscreen=\"\" loading=\"lazy\" referrerpolicy=\"no-referrer-when-downgrade\"><\/iframe>\n\n\n\n<p><\/p>\n","protected":false},"excerpt":{"rendered":"<p>\u201e\u017dalgirio\u201c akademijos pagrindiniai namai \u2013 FK \u201e\u017dalgirio\u201c nam\u0173 stadionas Liepkalnyje ir Senvag\u0117s gimnazijos stadionas \u0160nipi\u0161k\u0117se, taip pat vaik\u0173 treniruot\u0117s vykdomos \u017dirm\u016bn\u0173, Salinink\u0173 mikrorajonuose. FK \u017dalgiris nam\u0173 stadionasNuo 2025 m. stadione treniruojasi elitini\u0173 jaunimo lyg\u0173 komandos, ma\u017eoje aik\u0161tel\u0117je vyksta vaik\u0173 treniruot\u0117s.Am\u017eiaus grup\u0117s: U6-U8, U9-U12, U13, U14, U15, U16, U18. Adresas: Stadiono g. 2, Vilnius Senvag\u0117s gimnazija [&hellip;]<\/p>\n","protected":false},"author":1,"featured_media":0,"parent":15,"menu_order":0,"comment_status":"closed","ping_status":"closed","template":"","meta":{"footnotes":""},"class_list":["post-42","page","type-page","status-publish","hentry"],"_links":{"self":[{"href":"https:\/\/fkzalgiris.lt\/akademija\/wp-json\/wp\/v2\/pages\/42","targetHints":{"allow":["GET"]}}],"collection":[{"href":"https:\/\/fkzalgiris.lt\/akademija\/wp-json\/wp\/v2\/pages"}],"about":[{"href":"https:\/\/fkzalgiris.lt\/akademija\/wp-json\/wp\/v2\/types\/page"}],"author":[{"embeddable":true,"href":"https:\/\/fkzalgiris.lt\/akademija\/wp-json\/wp\/v2\/users\/1"}],"replies":[{"embeddable":true,"href":"https:\/\/fkzalgiris.lt\/akademija\/wp-json\/wp\/v2\/comments?post=42"}],"version-history":[{"count":17,"href":"https:\/\/fkzalgiris.lt\/akademija\/wp-json\/wp\/v2\/pages\/42\/revisions"}],"predecessor-version":[{"id":872,"href":"https:\/\/fkzalgiris.lt\/akademija\/wp-json\/wp\/v2\/pages\/42\/revisions\/872"}],"up":[{"embeddable":true,"href":"https:\/\/fkzalgiris.lt\/akademija\/wp-json\/wp\/v2\/pages\/15"}],"wp:attachment":[{"href":"https:\/\/fkzalgiris.lt\/akademija\/wp-json\/wp\/v2\/media?parent=42"}],"curies":[{"name":"wp","href":"https:\/\/api.w.org\/{rel}","templated":true}]}}