{"id":35,"date":"2024-02-28T12:27:22","date_gmt":"2024-02-28T12:27:22","guid":{"rendered":"http:\/\/algirio-akademija.local\/?page_id=35"},"modified":"2025-04-23T14:39:37","modified_gmt":"2025-04-23T11:39:37","slug":"parama","status":"publish","type":"page","link":"https:\/\/fkzalgiris.lt\/akademija\/info\/parama\/","title":{"rendered":"Parama"},"content":{"rendered":"\n<p><\/p>\n\n\n<div class=\"wp-block-image\">\n<figure class=\"aligncenter size-large is-resized\"><img loading=\"lazy\" decoding=\"async\" width=\"1024\" height=\"683\" src=\"http:\/\/algirio-akademija.local\/wp-content\/uploads\/2024\/04\/Parama-1024x683.jpg\" alt=\"\" class=\"wp-image-226\" style=\"aspect-ratio:1;width:609px;height:auto\" srcset=\"https:\/\/fkzalgiris.lt\/akademija\/wp-content\/uploads\/2024\/04\/Parama-1024x683.jpg 1024w, https:\/\/fkzalgiris.lt\/akademija\/wp-content\/uploads\/2024\/04\/Parama-300x200.jpg 300w, https:\/\/fkzalgiris.lt\/akademija\/wp-content\/uploads\/2024\/04\/Parama-768x512.jpg 768w, https:\/\/fkzalgiris.lt\/akademija\/wp-content\/uploads\/2024\/04\/Parama-1536x1024.jpg 1536w, https:\/\/fkzalgiris.lt\/akademija\/wp-content\/uploads\/2024\/04\/Parama-2048x1365.jpg 2048w\" sizes=\"auto, (max-width: 1024px) 100vw, 1024px\" \/><\/figure>\n<\/div>\n\n\n<p><strong>Paremti akademij\u0105 galite kiekvienas!&nbsp;<\/strong><\/p>\n\n\n\n<p><strong><em>Tapkite futbolo klubo \u201e\u017dalgiris\u201cakademijos r\u0117m\u0117jais paskirdami 1,2 procento sumok\u0117to gyventoj\u0173 pajam\u0173 mokes\u010dio.<\/em><\/strong><\/p>\n\n\n\n<p>Pagal Lietuvos Respublikos labdaros ir paramos \u012fstatym\u0105, sumok\u0117to pajam\u0173 mokes\u010dio dalimi (iki 1,2 procento) galite paremti kuri\u0105 nors organizacij\u0105, galin\u010di\u0105 b\u016bti paramos gav\u0117ja. Tai puiki galimyb\u0117 nemokamai suteikti finansin\u0119 param\u0105 m\u016bs\u0173 \u201e\u017dalgirio\u201c akademijai.<\/p>\n\n\n\n<p>Tam reikia u\u017epildyti ir valstybinei mokes\u010di\u0173 inspekcijai pateikti nustatytos formos pra\u0161ym\u0105.<\/p>\n\n\n\n<p>Pra\u0161ymo formos pildymo procesas labai paprastas. Jums tereikia u\u017epildyti savo asmens duomenis ir pasira\u0161yti, tad pateikiame instrukcij\u0105, kaip reikia pildyti ir pateikti pra\u0161ym\u0105 internete:<\/p>\n\n\n\n<ul class=\"wp-block-list\">\n<li>Apsilankykite:&nbsp;<a href=\"https:\/\/deklaravimas.vmi.lt\/lt\/Pradinis_Prisijungimo_puslapis\/Prisijungimasperisorinessistemas.aspx\"><strong>www.<\/strong><\/a><strong><a href=\"https:\/\/deklaravimas.vmi.lt\/lt\/Pradinis_Prisijungimo_puslapis\/Prisijungimasperisorinessistemas.aspx\" target=\"_blank\" rel=\"noreferrer noopener\">deklaravimas<\/a><\/strong><a href=\"https:\/\/deklaravimas.vmi.lt\/lt\/Pradinis_Prisijungimo_puslapis\/Prisijungimasperisorinessistemas.aspx\"><strong>.vmi.lt<\/strong><\/a>&nbsp;Prisijunkite prie Elektroninio deklaravimo (EDS) sistemos naudodami elektronin\u0119 bankininkyst\u0119 ar kt. b\u016bdais.<\/li>\n\n\n\n<li>Kair\u0117je meniu pus\u0117je paspauskite ant \u201ePildyti form\u0105\u201c.<\/li>\n\n\n\n<li>Paspauskite ant \u201ePra\u0161ymas skirti param\u0105\u201c.<\/li>\n\n\n\n<li>Toliau prie formos \u201ePra\u0161ymas pervesti pajam\u0173 mokes\u010dio dal\u012f paramos gav\u0117jams ir (arba) politin\u0117ms partijoms\u201c. skilties \u201eForma elektroniniam pildymui\u201c paspauskite ant m\u0117lynos spalvos gaublio (pildyti form\u0105 gaublio principu).<\/li>\n\n\n\n<li>Sistema automati\u0161kai \u012fra\u0161ys J\u016bs\u0173 asmens duomenis, Jums liks u\u017epildyti apatin\u0119 dal\u012f:<strong><br>\u012fra\u0161yti kod\u0105 \u2013 302543503 (<strong>V\u0161\u012e\u00a0<\/strong><em>Futbolo klubo<\/em>\u00a0<em>\u017dalgiris<\/em>\u00a0<em>akademija<\/em><\/strong>)<br>mokes\u010dio dalies dyd\u012f \u2013 1,2, paskirt\u012f (galite ra\u0161yti &#8211; FK \u017dalgirio akademijai)<br>ir laikotarp\u012f, kuriam skiriate param\u0105 (2025 arba tolimesni metai)<\/li>\n<\/ul>\n\n\n\n<p><a href=\"https:\/\/www.youtube.com\/watch?v=VVpaY-FFbKk\" target=\"_blank\" rel=\"noreferrer noopener\">Taip pat galite per\u017ei\u016br\u0117ti VMI video instrukcij\u0105<\/a>&nbsp;ar&nbsp;<a href=\"https:\/\/www.vmi.lt\/evmi\/paramos-skyrimas-34-str.-1\" target=\"_blank\" rel=\"noreferrer noopener\">rasti atsakymus \u012f da\u017eniausiai u\u017eduodamus klausimus.<\/a><\/p>\n\n\n\n<p>Paskirti param\u0105 galima&nbsp;<strong>iki einam\u0173j\u0173 met\u0173 gegu\u017e\u0117s m\u0117n.<\/strong><\/p>\n\n\n\n<p>Kai kuriems asmenims norint, kad parama b\u016bt\u0173 paskirta, privaloma pateikti metin\u0119 pajam\u0173 mokes\u010dio deklaracij\u0105.&nbsp;<a href=\"https:\/\/www.vmi.lt\/evmi\/nuolatini%C5%B3-lietuvos-gyventoj%C5%B3-pajam%C5%B3-deklaravimas#kuriais-atvejais-nuolatiniai-lietuvos-gyventojai-privalo-deklaruoti-2020-met%C5%B3-pajamas\" target=\"_blank\" rel=\"noreferrer noopener\">Ar Jums tai privaloma, galite su\u017einoti \u0161iame puslapyje<\/a>.<\/p>\n\n\n\n<p>A\u010di\u016b Jums, kad prisidedate prie akademijos augimo!<\/p>\n\n\n\n<figure class=\"wp-block-embed aligncenter is-type-video is-provider-youtube wp-block-embed-youtube wp-embed-aspect-16-9 wp-has-aspect-ratio\"><div class=\"wp-block-embed__wrapper\">\n<iframe loading=\"lazy\" title=\"Kaip skirti dal\u012f GPM paramai vedliu?\" width=\"500\" height=\"281\" src=\"https:\/\/www.youtube.com\/embed\/VVpaY-FFbKk?feature=oembed\" frameborder=\"0\" allow=\"accelerometer; autoplay; clipboard-write; encrypted-media; gyroscope; picture-in-picture; web-share\" referrerpolicy=\"strict-origin-when-cross-origin\" allowfullscreen><\/iframe>\n<\/div><\/figure>\n","protected":false},"excerpt":{"rendered":"<p>Paremti akademij\u0105 galite kiekvienas!&nbsp; Tapkite futbolo klubo \u201e\u017dalgiris\u201cakademijos r\u0117m\u0117jais paskirdami 1,2 procento sumok\u0117to gyventoj\u0173 pajam\u0173 mokes\u010dio. Pagal Lietuvos Respublikos labdaros ir paramos \u012fstatym\u0105, sumok\u0117to pajam\u0173 mokes\u010dio dalimi (iki 1,2 procento) galite paremti kuri\u0105 nors organizacij\u0105, galin\u010di\u0105 b\u016bti paramos gav\u0117ja. Tai puiki galimyb\u0117 nemokamai suteikti finansin\u0119 param\u0105 m\u016bs\u0173 \u201e\u017dalgirio\u201c akademijai. Tam reikia u\u017epildyti ir valstybinei mokes\u010di\u0173 [&hellip;]<\/p>\n","protected":false},"author":1,"featured_media":0,"parent":11,"menu_order":0,"comment_status":"closed","ping_status":"closed","template":"","meta":{"footnotes":""},"class_list":["post-35","page","type-page","status-publish","hentry"],"_links":{"self":[{"href":"https:\/\/fkzalgiris.lt\/akademija\/wp-json\/wp\/v2\/pages\/35","targetHints":{"allow":["GET"]}}],"collection":[{"href":"https:\/\/fkzalgiris.lt\/akademija\/wp-json\/wp\/v2\/pages"}],"about":[{"href":"https:\/\/fkzalgiris.lt\/akademija\/wp-json\/wp\/v2\/types\/page"}],"author":[{"embeddable":true,"href":"https:\/\/fkzalgiris.lt\/akademija\/wp-json\/wp\/v2\/users\/1"}],"replies":[{"embeddable":true,"href":"https:\/\/fkzalgiris.lt\/akademija\/wp-json\/wp\/v2\/comments?post=35"}],"version-history":[{"count":8,"href":"https:\/\/fkzalgiris.lt\/akademija\/wp-json\/wp\/v2\/pages\/35\/revisions"}],"predecessor-version":[{"id":703,"href":"https:\/\/fkzalgiris.lt\/akademija\/wp-json\/wp\/v2\/pages\/35\/revisions\/703"}],"up":[{"embeddable":true,"href":"https:\/\/fkzalgiris.lt\/akademija\/wp-json\/wp\/v2\/pages\/11"}],"wp:attachment":[{"href":"https:\/\/fkzalgiris.lt\/akademija\/wp-json\/wp\/v2\/media?parent=35"}],"curies":[{"name":"wp","href":"https:\/\/api.w.org\/{rel}","templated":true}]}}