{"id":325,"date":"2024-05-30T11:01:11","date_gmt":"2024-05-30T08:01:11","guid":{"rendered":"https:\/\/fkzalgiris.lt\/akademija\/?page_id=325"},"modified":"2024-08-08T17:34:17","modified_gmt":"2024-08-08T14:34:17","slug":"struktura","status":"publish","type":"page","link":"https:\/\/fkzalgiris.lt\/akademija\/komandos\/struktura\/","title":{"rendered":"Strukt\u016bra"},"content":{"rendered":"<div class=\"wp-block-image\">\n<figure class=\"aligncenter size-large\"><img loading=\"lazy\" decoding=\"async\" width=\"1024\" height=\"683\" src=\"https:\/\/fkzalgiris.lt\/akademija\/wp-content\/uploads\/2024\/04\/Naujiena-2023-09-14-1024x683.jpg\" alt=\"\" class=\"wp-image-279\" srcset=\"https:\/\/fkzalgiris.lt\/akademija\/wp-content\/uploads\/2024\/04\/Naujiena-2023-09-14-1024x683.jpg 1024w, https:\/\/fkzalgiris.lt\/akademija\/wp-content\/uploads\/2024\/04\/Naujiena-2023-09-14-300x200.jpg 300w, https:\/\/fkzalgiris.lt\/akademija\/wp-content\/uploads\/2024\/04\/Naujiena-2023-09-14-768x512.jpg 768w, https:\/\/fkzalgiris.lt\/akademija\/wp-content\/uploads\/2024\/04\/Naujiena-2023-09-14-1536x1024.jpg 1536w, https:\/\/fkzalgiris.lt\/akademija\/wp-content\/uploads\/2024\/04\/Naujiena-2023-09-14-2048x1365.jpg 2048w\" sizes=\"auto, (max-width: 1024px) 100vw, 1024px\" \/><\/figure>\n<\/div>\n\n\n<p>\u201e\u017dalgirio\u201c klubo piramid\u0119 sudaro komandos nuo suaugusi\u0173j\u0173 vyr\u0173 ir moter\u0173 iki berniuk\u0173 ir mergai\u010di\u0173.<\/p>\n\n\n\n<p>Profesionali vyr\u0173 pagrindin\u0117 komanda rungtyniauja Lietuvos \u010dempionate (auk\u0161\u010diausioje lygoje).<\/p>\n\n\n\n<p>\u017demesnio lygmens suaugusi\u0173j\u0173 futbolo var\u017eybose dalyvauja vyr\u0173 dublerin\u0117 (B) komanda, vyr\u0173 C (arba U-19) komanda ir moter\u0173 komanda.<\/p>\n\n\n\n<p>Jaunimo komandos \u201e\u017dalgirio\u201c futbolo akademijoje skirtos i\u0161skirtinai \u017eaid\u0117j\u0173 tobul\u0117jimui ir ugdymui.<\/p>\n\n\n\n<p>Pirm\u0105j\u012f jaunimo lygmen\u012f sudaro meistri\u0161kumo ugdymo etape futbol\u0105 11 prie\u0161 11 \u017eaid\u017eian\u010dios vaikin\u0173 komandos (nuo U-19 iki U-17) ir 8 prie\u0161 8 \u017eaid\u017eian\u010dios mergin\u0173 komandos (nuo WU17 iki WU13).<\/p>\n\n\n\n<p>\u017daidimo suvokimo ugdymo etape (nuo U-10 iki U-12) \u017eaid\u017eiama 8 prie\u0161 8.<br><br>Profilio ugdymo etape (nuo U-9 iki U-10) \u017eaid\u017eiama 5 prie\u0161 5.<br><br>Pradiniame etape (U-6 iki U-8) bendros nacionalin\u0117s var\u017eybos nevykdomos, vaikai dalyvauja atskiruose turnyruose.<\/p>\n\n\n\n<p>Vaik\u0173 lygmenyje (iki U-12) var\u017eyb\u0173 rezultatai neskai\u010diuojami. Berniukai ir mergait\u0117s \u017eaid\u017eia mi\u0161riose komandose.<br><br>Lyg\u0173, kuriose \u017eaid\u017eiama 11 prie\u0161 11, statistik\u0105 galite rasti pasirink\u0119 atitinkam\u0105 lyg\u0105 <a href=\"https:\/\/fkzalgiris.lt\/akademija\/komandos\/varzybos\/\">var\u017eyb\u0173 skiltyje<\/a> (lentel\u0117s), <a href=\"https:\/\/fkzalgiris.lt\/akademija\/komandos\/rezultatai\/\" data-type=\"link\" data-id=\"https:\/\/fkzalgiris.lt\/akademija\/komandos\/rezultatai\/\">rezultat\u0173 skiltyje<\/a> arba <a href=\"https:\/\/fkzalgiris.lt\/akademija\/komandos\/tvarkarastis\/\">tvarkara\u0161\u010dio skiltyje<\/a>.<\/p>\n\n\n\n<p><\/p>\n","protected":false},"excerpt":{"rendered":"<p>\u201e\u017dalgirio\u201c klubo piramid\u0119 sudaro komandos nuo suaugusi\u0173j\u0173 vyr\u0173 ir moter\u0173 iki berniuk\u0173 ir mergai\u010di\u0173. Profesionali vyr\u0173 pagrindin\u0117 komanda rungtyniauja Lietuvos \u010dempionate (auk\u0161\u010diausioje lygoje). \u017demesnio lygmens suaugusi\u0173j\u0173 futbolo var\u017eybose dalyvauja vyr\u0173 dublerin\u0117 (B) komanda, vyr\u0173 C (arba U-19) komanda ir moter\u0173 komanda. Jaunimo komandos \u201e\u017dalgirio\u201c futbolo akademijoje skirtos i\u0161skirtinai \u017eaid\u0117j\u0173 tobul\u0117jimui ir ugdymui. Pirm\u0105j\u012f jaunimo lygmen\u012f [&hellip;]<\/p>\n","protected":false},"author":1,"featured_media":0,"parent":313,"menu_order":0,"comment_status":"closed","ping_status":"closed","template":"","meta":{"footnotes":""},"class_list":["post-325","page","type-page","status-publish","hentry"],"_links":{"self":[{"href":"https:\/\/fkzalgiris.lt\/akademija\/wp-json\/wp\/v2\/pages\/325","targetHints":{"allow":["GET"]}}],"collection":[{"href":"https:\/\/fkzalgiris.lt\/akademija\/wp-json\/wp\/v2\/pages"}],"about":[{"href":"https:\/\/fkzalgiris.lt\/akademija\/wp-json\/wp\/v2\/types\/page"}],"author":[{"embeddable":true,"href":"https:\/\/fkzalgiris.lt\/akademija\/wp-json\/wp\/v2\/users\/1"}],"replies":[{"embeddable":true,"href":"https:\/\/fkzalgiris.lt\/akademija\/wp-json\/wp\/v2\/comments?post=325"}],"version-history":[{"count":5,"href":"https:\/\/fkzalgiris.lt\/akademija\/wp-json\/wp\/v2\/pages\/325\/revisions"}],"predecessor-version":[{"id":499,"href":"https:\/\/fkzalgiris.lt\/akademija\/wp-json\/wp\/v2\/pages\/325\/revisions\/499"}],"up":[{"embeddable":true,"href":"https:\/\/fkzalgiris.lt\/akademija\/wp-json\/wp\/v2\/pages\/313"}],"wp:attachment":[{"href":"https:\/\/fkzalgiris.lt\/akademija\/wp-json\/wp\/v2\/media?parent=325"}],"curies":[{"name":"wp","href":"https:\/\/api.w.org\/{rel}","templated":true}]}}