{"id":31,"date":"2024-02-28T12:26:34","date_gmt":"2024-02-28T12:26:34","guid":{"rendered":"http:\/\/algirio-akademija.local\/?page_id=31"},"modified":"2025-06-05T18:42:51","modified_gmt":"2025-06-05T15:42:51","slug":"apie-mus","status":"publish","type":"page","link":"https:\/\/fkzalgiris.lt\/akademija\/info\/apie-mus\/","title":{"rendered":"Apie mus"},"content":{"rendered":"<div class=\"wp-block-image\">\n<figure class=\"aligncenter size-large\"><img loading=\"lazy\" decoding=\"async\" width=\"1024\" height=\"682\" src=\"http:\/\/algirio-akademija.local\/wp-content\/uploads\/2024\/04\/Apie-mus-1024x682.jpg\" alt=\"\" class=\"wp-image-224\" srcset=\"https:\/\/fkzalgiris.lt\/akademija\/wp-content\/uploads\/2024\/04\/Apie-mus-1024x682.jpg 1024w, https:\/\/fkzalgiris.lt\/akademija\/wp-content\/uploads\/2024\/04\/Apie-mus-300x200.jpg 300w, https:\/\/fkzalgiris.lt\/akademija\/wp-content\/uploads\/2024\/04\/Apie-mus-768x511.jpg 768w, https:\/\/fkzalgiris.lt\/akademija\/wp-content\/uploads\/2024\/04\/Apie-mus-1536x1022.jpg 1536w, https:\/\/fkzalgiris.lt\/akademija\/wp-content\/uploads\/2024\/04\/Apie-mus.jpg 2048w\" sizes=\"auto, (max-width: 1024px) 100vw, 1024px\" \/><\/figure>\n<\/div>\n\n\n<p><strong>Futbolo klubo \u201e\u017dalgiris\u201c akademija<\/strong><\/p>\n\n\n\n<p><strong><span style=\"text-decoration: underline;\">Vizija ir misija<\/span><\/strong><\/p>\n\n\n\n<p>Futbolo klubo \u201e\u017dalgiris\u201c akademija \u2013 oficiali jaun\u0173j\u0173 futbolo \u017eaid\u0117j\u0173 kalv\u0117 reprezentacinei Vilniaus miesto komandai.&nbsp;<\/p>\n\n\n\n<p>Esame daugiat\u016bkstantin\u0117s mylin\u010dios futbol\u0105 bendruomen\u0117s dalis su kuria norime ugdyti ry\u0161kiausius futbolo talentus ir kurti nei\u0161dildomas emocijas pakeliui \u012f vaik\u0173, t\u0117v\u0173 ir klubo svajones.<\/p>\n\n\n\n<p>Norime b\u016bti fenomenu vaik\u0173 ir jaunimo ugdyme, kuriuo did\u017eiuojasi Vilniaus miestas, \u017ealiai balt\u0173 bendruomen\u0117, tikru profesionalumo pavyzd\u017eiu, kur \u017einios, turimi \u012frankiai ir \u017emon\u0117s kartu kuria stebuklus.<\/p>\n\n\n\n<p>Akademijos misija &#8211; atskleisti maksimal\u0173 <strong>asmenyb\u0117s<\/strong> potencial\u0105 suteikiant \u017einias ir \u012frankius tobul\u0117ti.<\/p>\n\n\n\n<figure class=\"wp-block-image size-large\"><img loading=\"lazy\" decoding=\"async\" width=\"1024\" height=\"683\" src=\"https:\/\/fkzalgiris.lt\/akademija\/wp-content\/uploads\/2024\/08\/vaikai-zalgiris-1024x683.jpg\" alt=\"\" class=\"wp-image-548\" srcset=\"https:\/\/fkzalgiris.lt\/akademija\/wp-content\/uploads\/2024\/08\/vaikai-zalgiris-1024x683.jpg 1024w, https:\/\/fkzalgiris.lt\/akademija\/wp-content\/uploads\/2024\/08\/vaikai-zalgiris-300x200.jpg 300w, https:\/\/fkzalgiris.lt\/akademija\/wp-content\/uploads\/2024\/08\/vaikai-zalgiris-768x512.jpg 768w, https:\/\/fkzalgiris.lt\/akademija\/wp-content\/uploads\/2024\/08\/vaikai-zalgiris-1536x1024.jpg 1536w, https:\/\/fkzalgiris.lt\/akademija\/wp-content\/uploads\/2024\/08\/vaikai-zalgiris.jpg 1920w\" sizes=\"auto, (max-width: 1024px) 100vw, 1024px\" \/><\/figure>\n\n\n\n<p><strong><span style=\"text-decoration: underline;\">Patirtis ir vertyb\u0117s<\/span><\/strong><\/p>\n\n\n\n<p>Akademija did\u017eiuojasi sukaupta ilgamete patirtimi ir stipriu savo identitetu.<\/p>\n\n\n\n<p>Vie\u0161oji \u012fstaiga \u012fkurta 2008 m. kaip vaik\u0173 futbolo akademija \u201e\u017dalgirietis\u201c. Nuo pat \u012fk\u016brimo akademij\u0105 ir \u201e\u017dalgirio\u201c klubo siejo glaud\u016bs santykiai ir meil\u0117 \u017ealiai baltai spalvoms.<\/p>\n\n\n\n<p>Akademijos \u012fk\u016brimo id\u0117ja gim\u0117 i\u0161 didelio noro ir entuziazmo vaikams ir jaunimui&nbsp; perteikti tai, k\u0105 vertingiausio esame sukaup\u0119, t. y. \u017einias ir patirt\u012f. Nuo 2023 met\u0173 akademija atsinaujino ir \u012f\u017eeng\u0117 \u012f nauj\u0105 etap\u0105 &#8211; tapo pilnaverte FK \u201e\u017dalgiris\u201c \u0161eimos dalimi.<\/p>\n\n\n\n<p>M\u016bs\u0173 vertyb\u0117s: atsakingumas ir disciplina u\u017e m\u016bs\u0173 pasirinktus sprendimus; d\u0117mesys detal\u0117ms; tobul\u0117jimas kiekvien\u0105 dien\u0105; pagalba tobul\u0117ti sau ir kitam; universalumas aik\u0161t\u0117je ir u\u017e jos rib\u0173.<\/p>\n\n\n\n<figure class=\"wp-block-image size-large\"><img loading=\"lazy\" decoding=\"async\" width=\"1024\" height=\"683\" src=\"https:\/\/fkzalgiris.lt\/akademija\/wp-content\/uploads\/2024\/08\/vaikai-stadione2-IMG_1089-1024x683.jpg\" alt=\"\" class=\"wp-image-551\" srcset=\"https:\/\/fkzalgiris.lt\/akademija\/wp-content\/uploads\/2024\/08\/vaikai-stadione2-IMG_1089-1024x683.jpg 1024w, https:\/\/fkzalgiris.lt\/akademija\/wp-content\/uploads\/2024\/08\/vaikai-stadione2-IMG_1089-300x200.jpg 300w, https:\/\/fkzalgiris.lt\/akademija\/wp-content\/uploads\/2024\/08\/vaikai-stadione2-IMG_1089-768x512.jpg 768w, https:\/\/fkzalgiris.lt\/akademija\/wp-content\/uploads\/2024\/08\/vaikai-stadione2-IMG_1089-1536x1024.jpg 1536w, https:\/\/fkzalgiris.lt\/akademija\/wp-content\/uploads\/2024\/08\/vaikai-stadione2-IMG_1089-2048x1365.jpg 2048w\" sizes=\"auto, (max-width: 1024px) 100vw, 1024px\" \/><\/figure>\n\n\n\n<p><strong><span style=\"text-decoration: underline;\">Bendruomen\u0117<\/span><\/strong><\/p>\n\n\n\n<p>Futbolo treniruotes akademijoje nuolat lanko daugiau nei 600 vaik\u0173 ir jaunuoli\u0173 nuo 5 iki 19 met\u0173 am\u017eiaus \u2013 tiek mergait\u0117s ir merginos, tiek berniukai ir vaikinai.<\/p>\n\n\n\n<p>Keli\u0173 de\u0161im\u010di\u0173 darbuotoj\u0173 kolektyvas sudarytas i\u0161 licencijuot\u0173 futbolo treneri\u0173 (UEFA PRO, A, B ir C), kineziterapeut\u0173, psicholog\u0173, daktar\u0173, mentori\u0173, vadybinink\u0173, kurie kiekvien\u0105 dien\u0105 skiria savo meil\u0119 ir siel\u0105 aukl\u0117tiniams ir j\u0173 t\u0117vams.<\/p>\n\n\n\n<p><strong><span style=\"text-decoration: underline;\">Privalumai<\/span><\/strong><\/p>\n\n\n\n<p>Esame viena i\u0161 7 geriausi\u0173 akademij\u0173 Lietuvoje, LFF sertifikavimo procese \u012fvertinta 3 \u017evaig\u017edut\u0117mis. Procesas patikrina tiek kiekybinius, tiek kokybinius treniravimo ir vadybinius procesus ir suteikia pasitik\u0117jimo m\u016bs\u0173 veiklos rezultatais.<\/p>\n\n\n\n<p>Esame i\u0161skirtin\u0117 futbolo akademija, turinti piln\u0105 tobul\u0117jimo piramid\u0119, kurioje nuolat ugdosi vis\u0173 am\u017eiaus grupi\u0173 komandos nuo vaik\u0173 iki suaugusi\u0173j\u0173, vyr\u0173 ir moter\u0173.<\/p>\n\n\n\n<figure class=\"wp-block-image size-large\"><img loading=\"lazy\" decoding=\"async\" width=\"1024\" height=\"347\" src=\"https:\/\/fkzalgiris.lt\/akademija\/wp-content\/uploads\/2024\/08\/akademija-202324-prizininkai-bendrafoto-1024x347.jpg\" alt=\"\" class=\"wp-image-545\" srcset=\"https:\/\/fkzalgiris.lt\/akademija\/wp-content\/uploads\/2024\/08\/akademija-202324-prizininkai-bendrafoto-1024x347.jpg 1024w, https:\/\/fkzalgiris.lt\/akademija\/wp-content\/uploads\/2024\/08\/akademija-202324-prizininkai-bendrafoto-300x102.jpg 300w, https:\/\/fkzalgiris.lt\/akademija\/wp-content\/uploads\/2024\/08\/akademija-202324-prizininkai-bendrafoto-768x260.jpg 768w, https:\/\/fkzalgiris.lt\/akademija\/wp-content\/uploads\/2024\/08\/akademija-202324-prizininkai-bendrafoto-1536x520.jpg 1536w, https:\/\/fkzalgiris.lt\/akademija\/wp-content\/uploads\/2024\/08\/akademija-202324-prizininkai-bendrafoto.jpg 1920w\" sizes=\"auto, (max-width: 1024px) 100vw, 1024px\" \/><\/figure>\n\n\n\n<p>Pagal sportinius rezultatus \u201e\u017dalgirio\u201c akademija visada yra tarp auk\u0161\u010diausi\u0105 sportin\u012f reiting\u0105 turin\u010di\u0173 futbolo akademij\u0173 ir futbolo mokykl\u0173 Lietuvoje.&nbsp; Skirting\u0173 am\u017eiaus grupi\u0173 vaik\u0173 komandos \u2013 nuolatin\u0117s \u0161alies \u010dempion\u0117s. Paruo\u0161iame individualius talentus \u2013 kasmet nuo 15 iki 30 aukl\u0117tini\u0173 kvie\u010diami \u012f \u012fvairaus am\u017eiaus nacionalines Lietuvos futbolo rinktines.<\/p>\n\n\n\n<p>Turime savo namus &#8211; Senvag\u0117s gimnazijos stadion\u0105 (\u0160irvint\u0173 g. 80), kuriuo r\u016bpinam\u0117s pagal ilgamet\u012f susitarim\u0105 su Vilniaus miesto savivaldybe.<\/p>\n\n\n\n<figure class=\"wp-block-image size-large\"><img loading=\"lazy\" decoding=\"async\" width=\"1024\" height=\"683\" src=\"https:\/\/fkzalgiris.lt\/akademija\/wp-content\/uploads\/2024\/08\/U6U7treniruote3-1024x683.jpg\" alt=\"\" class=\"wp-image-553\" srcset=\"https:\/\/fkzalgiris.lt\/akademija\/wp-content\/uploads\/2024\/08\/U6U7treniruote3-1024x683.jpg 1024w, https:\/\/fkzalgiris.lt\/akademija\/wp-content\/uploads\/2024\/08\/U6U7treniruote3-300x200.jpg 300w, https:\/\/fkzalgiris.lt\/akademija\/wp-content\/uploads\/2024\/08\/U6U7treniruote3-768x512.jpg 768w, https:\/\/fkzalgiris.lt\/akademija\/wp-content\/uploads\/2024\/08\/U6U7treniruote3-1536x1025.jpg 1536w, https:\/\/fkzalgiris.lt\/akademija\/wp-content\/uploads\/2024\/08\/U6U7treniruote3.jpg 1920w\" sizes=\"auto, (max-width: 1024px) 100vw, 1024px\" \/><\/figure>\n\n\n\n<p><strong><span style=\"text-decoration: underline;\">Tikslai ir priemon\u0117s<\/span><\/strong><\/p>\n\n\n\n<p>Akademija susitelkia ne \u012f kiekyb\u0119 ar pinig\u0173 srautus, o kokybi\u0161k\u0105 nepertraukiam\u0105 ugdymo proces\u0105 nuo futbolo treniruo\u010di\u0173 iki tobul\u0117jimo u\u017e aik\u0161t\u0117s rib\u0173.<\/p>\n\n\n\n<p>Ugdyti auk\u0161to sportinio meistri\u0161kumo jaunuosius futbolininkus \u2013 vienas i\u0161 pagrindini\u0173 akademijos u\u017edavini\u0173.<\/p>\n\n\n\n<p>Reikiama treneri\u0173 kvalifikacija, profesin\u0117 kompetencija bei geb\u0117jimas dirbti su vaikais yra akademijos vadov\u0173 nuolatinis siekis ir prioritetas, o tai jau daugiau nei de\u0161imtmet\u012f u\u017etikrina tiek sportinius, tiek veiklos rezultatus.<\/p>\n\n\n\n<p>Tikslui pasiekti organizuojame futbolo treniruotes nuo 2 iki 5 kart\u0173 per savait\u0119, dalyvaujame vietiniuose ir tarptautiniuose futbolo turnyruose ir Lietuvos futbolo \u010dempionatuose. Patys organizuojame \u012fvairias kontrolines rungtynes, sporto \u0161ventes, turnyrus, \u012fvairias stovyklas savo aukl\u0117tiniams ir j\u0173 \u0161eimoms.<\/p>\n\n\n\n<p>Rengiame pristatymus bendruomen\u0117s nariams apie sveik\u0105 mityb\u0105, mieg\u0105 ir kr\u016bvio planavim\u0105 bei kitus metodinius seminarus siekiant taisyklingos ir fizi\u0161kai aktyvios gyvensenos.<\/p>\n","protected":false},"excerpt":{"rendered":"<p>Futbolo klubo \u201e\u017dalgiris\u201c akademija Vizija ir misija Futbolo klubo \u201e\u017dalgiris\u201c akademija \u2013 oficiali jaun\u0173j\u0173 futbolo \u017eaid\u0117j\u0173 kalv\u0117 reprezentacinei Vilniaus miesto komandai.&nbsp; Esame daugiat\u016bkstantin\u0117s mylin\u010dios futbol\u0105 bendruomen\u0117s dalis su kuria norime ugdyti ry\u0161kiausius futbolo talentus ir kurti nei\u0161dildomas emocijas pakeliui \u012f vaik\u0173, t\u0117v\u0173 ir klubo svajones. Norime b\u016bti fenomenu vaik\u0173 ir jaunimo ugdyme, kuriuo did\u017eiuojasi Vilniaus [&hellip;]<\/p>\n","protected":false},"author":1,"featured_media":0,"parent":11,"menu_order":0,"comment_status":"closed","ping_status":"closed","template":"","meta":{"footnotes":""},"class_list":["post-31","page","type-page","status-publish","hentry"],"_links":{"self":[{"href":"https:\/\/fkzalgiris.lt\/akademija\/wp-json\/wp\/v2\/pages\/31","targetHints":{"allow":["GET"]}}],"collection":[{"href":"https:\/\/fkzalgiris.lt\/akademija\/wp-json\/wp\/v2\/pages"}],"about":[{"href":"https:\/\/fkzalgiris.lt\/akademija\/wp-json\/wp\/v2\/types\/page"}],"author":[{"embeddable":true,"href":"https:\/\/fkzalgiris.lt\/akademija\/wp-json\/wp\/v2\/users\/1"}],"replies":[{"embeddable":true,"href":"https:\/\/fkzalgiris.lt\/akademija\/wp-json\/wp\/v2\/comments?post=31"}],"version-history":[{"count":9,"href":"https:\/\/fkzalgiris.lt\/akademija\/wp-json\/wp\/v2\/pages\/31\/revisions"}],"predecessor-version":[{"id":765,"href":"https:\/\/fkzalgiris.lt\/akademija\/wp-json\/wp\/v2\/pages\/31\/revisions\/765"}],"up":[{"embeddable":true,"href":"https:\/\/fkzalgiris.lt\/akademija\/wp-json\/wp\/v2\/pages\/11"}],"wp:attachment":[{"href":"https:\/\/fkzalgiris.lt\/akademija\/wp-json\/wp\/v2\/media?parent=31"}],"curies":[{"name":"wp","href":"https:\/\/api.w.org\/{rel}","templated":true}]}}