{"id":265,"date":"2024-04-29T08:30:34","date_gmt":"2024-04-29T08:30:34","guid":{"rendered":"http:\/\/algirio-akademija.local\/?page_id=265"},"modified":"2025-04-02T19:41:51","modified_gmt":"2025-04-02T16:41:51","slug":"dokumentai","status":"publish","type":"page","link":"https:\/\/fkzalgiris.lt\/akademija\/info\/dokumentai\/","title":{"rendered":"Dokumentai"},"content":{"rendered":"\n<ul class=\"wp-block-list\">\n<li><a href=\"https:\/\/fkzalgiris.lt\/akademija\/wp-content\/uploads\/2024\/04\/Etikos-kodeksas.pdf\" data-type=\"attachment\" data-id=\"268\" target=\"_blank\" rel=\"noreferrer noopener\">Etikos kodeksas<\/a><\/li>\n\n\n\n<li><a href=\"http:\/\/algirio-akademija.local\/wp-content\/uploads\/2024\/04\/Sutarties-patvirtinimo-forma-2024.pdf\" data-type=\"attachment\" data-id=\"254\" target=\"_blank\" rel=\"noreferrer noopener\">Sutarties patvirtinimo forma 2024<\/a><\/li>\n\n\n\n<li><a href=\"http:\/\/algirio-akademija.local\/wp-content\/uploads\/2024\/04\/VSI-Zalgirietis-Ugdymo-sutartis-2024.pdf\" data-type=\"attachment\" data-id=\"256\" target=\"_blank\" rel=\"noreferrer noopener\">V\u0160\u012e \u017dalgirietis ugdymo sutartis 2024<\/a><\/li>\n\n\n\n<li><a href=\"https:\/\/fkzalgiris.lt\/akademija\/wp-content\/uploads\/2025\/04\/Vaiku-ir-jaunimo-apsaugos-ir-geroves-uztikrinimo-strategija-2024.12.pdf\" target=\"_blank\" rel=\"noreferrer noopener\">Vaik\u0173 ir jaunimo apsaugos ir gerov\u0117s u\u017etikrinimo strategija<\/a><\/li>\n<\/ul>\n\n\n\n<p><\/p>\n","protected":false},"excerpt":{"rendered":"","protected":false},"author":1,"featured_media":0,"parent":11,"menu_order":0,"comment_status":"closed","ping_status":"closed","template":"","meta":{"footnotes":""},"class_list":["post-265","page","type-page","status-publish","hentry"],"_links":{"self":[{"href":"https:\/\/fkzalgiris.lt\/akademija\/wp-json\/wp\/v2\/pages\/265","targetHints":{"allow":["GET"]}}],"collection":[{"href":"https:\/\/fkzalgiris.lt\/akademija\/wp-json\/wp\/v2\/pages"}],"about":[{"href":"https:\/\/fkzalgiris.lt\/akademija\/wp-json\/wp\/v2\/types\/page"}],"author":[{"embeddable":true,"href":"https:\/\/fkzalgiris.lt\/akademija\/wp-json\/wp\/v2\/users\/1"}],"replies":[{"embeddable":true,"href":"https:\/\/fkzalgiris.lt\/akademija\/wp-json\/wp\/v2\/comments?post=265"}],"version-history":[{"count":5,"href":"https:\/\/fkzalgiris.lt\/akademija\/wp-json\/wp\/v2\/pages\/265\/revisions"}],"predecessor-version":[{"id":692,"href":"https:\/\/fkzalgiris.lt\/akademija\/wp-json\/wp\/v2\/pages\/265\/revisions\/692"}],"up":[{"embeddable":true,"href":"https:\/\/fkzalgiris.lt\/akademija\/wp-json\/wp\/v2\/pages\/11"}],"wp:attachment":[{"href":"https:\/\/fkzalgiris.lt\/akademija\/wp-json\/wp\/v2\/media?parent=265"}],"curies":[{"name":"wp","href":"https:\/\/api.w.org\/{rel}","templated":true}]}}