{"id":260,"date":"2024-04-29T08:17:25","date_gmt":"2024-04-29T08:17:25","guid":{"rendered":"http:\/\/algirio-akademija.local\/?page_id=260"},"modified":"2025-12-30T12:48:01","modified_gmt":"2025-12-30T10:48:01","slug":"administracija","status":"publish","type":"page","link":"https:\/\/fkzalgiris.lt\/akademija\/info\/administracija\/","title":{"rendered":"Administracija"},"content":{"rendered":"\n<div class=\"wp-block-media-text is-stacked-on-mobile\" style=\"grid-template-columns:15% auto\"><figure class=\"wp-block-media-text__media\"><img loading=\"lazy\" decoding=\"async\" width=\"492\" height=\"531\" src=\"https:\/\/fkzalgiris.lt\/akademija\/wp-content\/uploads\/2025\/10\/Setkus-Kestutis-Portretai-web.png\" alt=\"\" class=\"wp-image-888 size-full\" srcset=\"https:\/\/fkzalgiris.lt\/akademija\/wp-content\/uploads\/2025\/10\/Setkus-Kestutis-Portretai-web.png 492w, https:\/\/fkzalgiris.lt\/akademija\/wp-content\/uploads\/2025\/10\/Setkus-Kestutis-Portretai-web-278x300.png 278w\" sizes=\"auto, (max-width: 492px) 100vw, 492px\" \/><\/figure><div class=\"wp-block-media-text__content\">\n<p>K\u0119stutis<br>\u0160ETKUS<br>Veiklos koordinatorius<br><br><a href=\"mailto:k.setkus@fkzalgiris.lt\" data-type=\"mailto\" data-id=\"mailto:k.setkus@fkzalgiris.lt\">k.setkus@fkzalgiris.lt<\/a><\/p>\n<\/div><\/div>\n\n\n\n<div class=\"wp-block-media-text is-stacked-on-mobile\" style=\"grid-template-columns:15% auto\"><figure class=\"wp-block-media-text__media\"><img loading=\"lazy\" decoding=\"async\" width=\"492\" height=\"531\" src=\"https:\/\/fkzalgiris.lt\/akademija\/wp-content\/uploads\/2025\/12\/zydrunasi-puslapi.png\" alt=\"\" class=\"wp-image-952 size-full\" srcset=\"https:\/\/fkzalgiris.lt\/akademija\/wp-content\/uploads\/2025\/12\/zydrunasi-puslapi.png 492w, https:\/\/fkzalgiris.lt\/akademija\/wp-content\/uploads\/2025\/12\/zydrunasi-puslapi-278x300.png 278w\" sizes=\"auto, (max-width: 492px) 100vw, 492px\" \/><\/figure><div class=\"wp-block-media-text__content\">\n<p>\u017dydr\u016bnas<br>GRUDZINSKAS<br>Akademijos vadovas<br><br><a href=\"mailto:z.grudzinskas@fkzalgiris.lt\">z.grudzinskas@fkzalgiris.lt<\/a><\/p>\n<\/div><\/div>\n\n\n\n<p><\/p>\n","protected":false},"excerpt":{"rendered":"<p>K\u0119stutis\u0160ETKUSVeiklos koordinatorius k.setkus@fkzalgiris.lt \u017dydr\u016bnasGRUDZINSKASAkademijos vadovas z.grudzinskas@fkzalgiris.lt<\/p>\n","protected":false},"author":1,"featured_media":0,"parent":11,"menu_order":0,"comment_status":"closed","ping_status":"closed","template":"","meta":{"footnotes":""},"class_list":["post-260","page","type-page","status-publish","hentry"],"_links":{"self":[{"href":"https:\/\/fkzalgiris.lt\/akademija\/wp-json\/wp\/v2\/pages\/260","targetHints":{"allow":["GET"]}}],"collection":[{"href":"https:\/\/fkzalgiris.lt\/akademija\/wp-json\/wp\/v2\/pages"}],"about":[{"href":"https:\/\/fkzalgiris.lt\/akademija\/wp-json\/wp\/v2\/types\/page"}],"author":[{"embeddable":true,"href":"https:\/\/fkzalgiris.lt\/akademija\/wp-json\/wp\/v2\/users\/1"}],"replies":[{"embeddable":true,"href":"https:\/\/fkzalgiris.lt\/akademija\/wp-json\/wp\/v2\/comments?post=260"}],"version-history":[{"count":17,"href":"https:\/\/fkzalgiris.lt\/akademija\/wp-json\/wp\/v2\/pages\/260\/revisions"}],"predecessor-version":[{"id":955,"href":"https:\/\/fkzalgiris.lt\/akademija\/wp-json\/wp\/v2\/pages\/260\/revisions\/955"}],"up":[{"embeddable":true,"href":"https:\/\/fkzalgiris.lt\/akademija\/wp-json\/wp\/v2\/pages\/11"}],"wp:attachment":[{"href":"https:\/\/fkzalgiris.lt\/akademija\/wp-json\/wp\/v2\/media?parent=260"}],"curies":[{"name":"wp","href":"https:\/\/api.w.org\/{rel}","templated":true}]}}